{"id":1362,"date":"2023-03-06T18:01:59","date_gmt":"2023-03-06T18:01:59","guid":{"rendered":"https:\/\/polskapodloga.pl\/?page_id=1362"},"modified":"2023-03-06T18:38:15","modified_gmt":"2023-03-06T18:38:15","slug":"katalog","status":"publish","type":"page","link":"https:\/\/polskapodloga.pl\/en\/katalog\/","title":{"rendered":"Katalog"},"content":{"rendered":"<div data-elementor-type=\"wp-page\" data-elementor-id=\"1362\" class=\"elementor elementor-1362\">\n\t\t\t\t<div class=\"elementor-element elementor-element-eb3d477 e-con-full e-flex e-con e-parent\" data-id=\"eb3d477\" data-element_type=\"container\">\n\t\t<div class=\"elementor-element elementor-element-2bef1f9 e-con-full e-flex e-con e-child\" data-id=\"2bef1f9\" data-element_type=\"container\">\n\t\t\t\t<div class=\"elementor-element elementor-element-c58edbf elementor-widget elementor-widget-heading\" data-id=\"c58edbf\" data-element_type=\"widget\" data-widget_type=\"heading.default\">\n\t\t\t\t<div class=\"elementor-widget-container\">\n\t\t\t\t\t<h2 class=\"elementor-heading-title elementor-size-default\">Katalog<\/h2>\t\t\t\t<\/div>\n\t\t\t\t<\/div>\n\t\t\t\t<div class=\"elementor-element elementor-element-62483c4 elementor-widget elementor-widget-text-editor\" data-id=\"62483c4\" data-element_type=\"widget\" data-widget_type=\"text-editor.default\">\n\t\t\t\t<div class=\"elementor-widget-container\">\n\t\t\t\t\t\t\t\t\t<p>Nasze produkty wykonane s\u0105 z najlepszych gatunk\u00f3w drewna, dzi\u0119ki czemu s\u0105 nie tylko trwa\u0142e i odporne na uszkodzenia, ale r\u00f3wnie\u017c wyr\u00f3\u017cniaj\u0105 si\u0119 niepowtarzalnym charakterem i pi\u0119knem naturalnego materia\u0142u.<\/p><p>W naszym katalogu znajdziesz bogaty wyb\u00f3r r\u00f3\u017cnych rodzaj\u00f3w drewna, kolor\u00f3w i wzor\u00f3w pod\u0142\u00f3g, kt\u00f3re s\u0105 idealne dla ka\u017cdego stylu wn\u0119trza &#8211; od tradycyjnego<\/p><p>Zapraszamy do przegl\u0105dania naszego katalogu i wyboru idealnej pod\u0142ogi dla Pa\u0144stwa.<\/p>\t\t\t\t\t\t\t\t<\/div>\n\t\t\t\t<\/div>\n\t\t\t\t<div class=\"elementor-element elementor-element-0dd49ba elementor-mobile-align-justify elementor-widget elementor-widget-button\" data-id=\"0dd49ba\" data-element_type=\"widget\" data-widget_type=\"button.default\">\n\t\t\t\t<div class=\"elementor-widget-container\">\n\t\t\t\t\t\t\t\t\t<div class=\"elementor-button-wrapper\">\n\t\t\t\t\t<a class=\"elementor-button elementor-button-link elementor-size-sm\" href=\"https:\/\/polskapodloga.pl\/wp-content\/uploads\/2023\/01\/katalog-pp-english.pdf\">\n\t\t\t\t\t\t<span class=\"elementor-button-content-wrapper\">\n\t\t\t\t\t\t\t\t\t<span class=\"elementor-button-text\">Pobierz katalog<\/span>\n\t\t\t\t\t<\/span>\n\t\t\t\t\t<\/a>\n\t\t\t\t<\/div>\n\t\t\t\t\t\t\t\t<\/div>\n\t\t\t\t<\/div>\n\t\t\t\t<\/div>\n\t\t<div class=\"elementor-element elementor-element-7ac8956 e-con-full e-flex e-con e-child\" data-id=\"7ac8956\" data-element_type=\"container\">\n\t\t\t\t<div class=\"elementor-element elementor-element-c58fb0e elementor-widget elementor-widget-wpforms\" data-id=\"c58fb0e\" data-element_type=\"widget\" data-widget_type=\"wpforms.default\">\n\t\t\t\t<div class=\"elementor-widget-container\">\n\t\t\t\t\t<div class=\"wpforms-container wpforms-container-full\" id=\"wpforms-369\"><form id=\"wpforms-form-369\" class=\"wpforms-validate wpforms-form wpforms-ajax-form\" data-formid=\"369\" method=\"post\" enctype=\"multipart\/form-data\" action=\"\/en\/wp-json\/wp\/v2\/pages\/1362\" data-token=\"a29d5c7ce9f5dbf474c8dbd301997bf9\" data-token-time=\"1776603449\" data-trp-original-action=\"\/en\/wp-json\/wp\/v2\/pages\/1362\"><div class=\"wpforms-head-container\"><div class=\"wpforms-title\">Contact us<\/div><\/div><noscript class=\"wpforms-error-noscript\">Please enable JavaScript in your browser to complete this form.<\/noscript><div class=\"wpforms-field-container\"><div id=\"wpforms-369-field_1-container\" class=\"wpforms-field wpforms-field-name\" data-field-id=\"1\"><label class=\"wpforms-field-label wpforms-label-hide\" for=\"wpforms-369-field_1\">Name and Surname <span class=\"wpforms-required-label\">*<\/span><\/label><input type=\"text\" id=\"wpforms-369-field_1\" class=\"wpforms-field-large wpforms-field-required\" name=\"wpforms[fields][1]\" placeholder=\"Name and Surname\" required><\/div><div id=\"wpforms-369-field_2-container\" class=\"wpforms-field wpforms-field-number\" data-field-id=\"2\"><label class=\"wpforms-field-label wpforms-label-hide\" for=\"wpforms-369-field_2\">Phone number<\/label><input type=\"number\" id=\"wpforms-369-field_2\" class=\"wpforms-field-large\" name=\"wpforms[fields][2]\" placeholder=\"Phone number\" step=\"any\" ><\/div><div id=\"wpforms-369-field_3-container\" class=\"wpforms-field wpforms-field-email\" data-field-id=\"3\"><label class=\"wpforms-field-label wpforms-label-hide\" for=\"wpforms-369-field_3\">E-mail <span class=\"wpforms-required-label\">*<\/span><\/label><input type=\"email\" id=\"wpforms-369-field_3\" class=\"wpforms-field-large wpforms-field-required\" name=\"wpforms[fields][3]\" placeholder=\"E-mail\" spellcheck=\"false\" required><\/div><div id=\"wpforms-369-field_4-container\" class=\"wpforms-field wpforms-field-textarea\" data-field-id=\"4\"><label class=\"wpforms-field-label wpforms-label-hide\" for=\"wpforms-369-field_4\">Message<\/label><textarea id=\"wpforms-369-field_4\" class=\"wpforms-field-medium\" name=\"wpforms[fields][4]\" placeholder=\"Message\" ><\/textarea><\/div><div id=\"wpforms-369-field_5-container\" class=\"wpforms-field wpforms-field-checkbox\" data-field-id=\"5\"><label class=\"wpforms-field-label wpforms-label-hide\">Checkbox <span class=\"wpforms-required-label\">*<\/span><\/label><ul id=\"wpforms-369-field_5\" class=\"wpforms-field-required\"><li class=\"choice-1 depth-1\"><input type=\"checkbox\" id=\"wpforms-369-field_5_1\" name=\"wpforms[fields][5][]\" value=\"Wysy\u0142aj\u0105c wiadomo\u015b\u0107 akceptujesz regulamin strony oraz polityk\u0119 przetwarzania danych. Wi\u0119cej informacji znajdziesz pod tym linkiem.\" required><label class=\"wpforms-field-label-inline\" for=\"wpforms-369-field_5_1\">By sending a message you accept the site's terms and conditions and data processing policy. For more information, please follow this link.<\/label><\/li><\/ul><\/div><\/div><!-- .wpforms-field-container --><div class=\"wpforms-recaptcha-container wpforms-is-recaptcha wpforms-is-recaptcha-type-v3\" ><input type=\"hidden\" name=\"wpforms[recaptcha]\" value=\"\"><\/div><div class=\"wpforms-submit-container\" ><input type=\"hidden\" name=\"wpforms[id]\" value=\"369\"><input type=\"hidden\" name=\"page_title\" value=\"\"><input type=\"hidden\" name=\"page_url\" value=\"https:\/\/polskapodloga.pl\/en\/wp-json\/wp\/v2\/pages\/1362\"><input type=\"hidden\" name=\"url_referer\" value=\"\"><button type=\"submit\" name=\"wpforms[submit]\" id=\"wpforms-submit-369\" class=\"wpforms-submit\" data-alt-text=\"Wysy\u0142anie...\" data-submit-text=\"Wy\u015blij\" aria-live=\"assertive\" value=\"wpforms-submit\">Send<\/button><img decoding=\"async\" src=\"https:\/\/polskapodloga.pl\/wp-content\/plugins\/wpforms-lite\/assets\/images\/submit-spin.svg\" class=\"wpforms-submit-spinner\" style=\"display: none;\" width=\"26\" height=\"26\" alt=\"Loading\"><\/div><input type=\"hidden\" name=\"trp-form-language\" value=\"en\"\/><\/form><\/div>  <!-- .wpforms-container -->\t\t\t\t<\/div>\n\t\t\t\t<\/div>\n\t\t\t\t<\/div>\n\t\t\t\t<\/div>\n\t\t\t\t<\/div>","protected":false},"excerpt":{"rendered":"<p>Katalog Nasze produkty wykonane s\u0105 z najlepszych gatunk\u00f3w drewna, dzi\u0119ki czemu s\u0105 nie tylko trwa\u0142e i odporne na uszkodzenia, ale r\u00f3wnie\u017c wyr\u00f3\u017cniaj\u0105 si\u0119 niepowtarzalnym charakterem i pi\u0119knem naturalnego materia\u0142u. W naszym katalogu znajdziesz bogaty wyb\u00f3r r\u00f3\u017cnych rodzaj\u00f3w drewna, kolor\u00f3w i wzor\u00f3w pod\u0142\u00f3g, kt\u00f3re s\u0105 idealne dla ka\u017cdego stylu wn\u0119trza &#8211; od tradycyjnego Zapraszamy do przegl\u0105dania [&hellip;]<\/p>","protected":false},"author":1,"featured_media":0,"parent":0,"menu_order":0,"comment_status":"closed","ping_status":"closed","template":"elementor_header_footer","meta":{"footnotes":""},"class_list":["post-1362","page","type-page","status-publish","hentry"],"yoast_head":"<!-- This site is optimized with the Yoast SEO plugin v26.7 - https:\/\/yoast.com\/wordpress\/plugins\/seo\/ -->\n<title>Katalog - polskapodloga.pl<\/title>\n<meta name=\"robots\" content=\"index, follow, max-snippet:-1, max-image-preview:large, max-video-preview:-1\" \/>\n<link rel=\"canonical\" href=\"https:\/\/polskapodloga.pl\/en\/katalog\/\" \/>\n<meta property=\"og:locale\" content=\"en_GB\" \/>\n<meta property=\"og:type\" content=\"article\" \/>\n<meta property=\"og:title\" content=\"Katalog - polskapodloga.pl\" \/>\n<meta property=\"og:description\" content=\"Katalog Nasze produkty wykonane s\u0105 z najlepszych gatunk\u00f3w drewna, dzi\u0119ki czemu s\u0105 nie tylko trwa\u0142e i odporne na uszkodzenia, ale r\u00f3wnie\u017c wyr\u00f3\u017cniaj\u0105 si\u0119 niepowtarzalnym charakterem i pi\u0119knem naturalnego materia\u0142u. W naszym katalogu znajdziesz bogaty wyb\u00f3r r\u00f3\u017cnych rodzaj\u00f3w drewna, kolor\u00f3w i wzor\u00f3w pod\u0142\u00f3g, kt\u00f3re s\u0105 idealne dla ka\u017cdego stylu wn\u0119trza &#8211; od tradycyjnego Zapraszamy do przegl\u0105dania [&hellip;]\" \/>\n<meta property=\"og:url\" content=\"https:\/\/polskapodloga.pl\/en\/katalog\/\" \/>\n<meta property=\"og:site_name\" content=\"polskapodloga.pl\" \/>\n<meta property=\"article:modified_time\" content=\"2023-03-06T18:38:15+00:00\" \/>\n<meta name=\"twitter:card\" content=\"summary_large_image\" \/>\n<meta name=\"twitter:label1\" content=\"Estimated reading time\" \/>\n\t<meta name=\"twitter:data1\" content=\"1 minute\" \/>\n<script type=\"application\/ld+json\" class=\"yoast-schema-graph\">{\"@context\":\"https:\/\/schema.org\",\"@graph\":[{\"@type\":\"WebPage\",\"@id\":\"https:\/\/polskapodloga.pl\/katalog\/\",\"url\":\"https:\/\/polskapodloga.pl\/katalog\/\",\"name\":\"Katalog - polskapodloga.pl\",\"isPartOf\":{\"@id\":\"https:\/\/polskapodloga.pl\/#website\"},\"datePublished\":\"2023-03-06T18:01:59+00:00\",\"dateModified\":\"2023-03-06T18:38:15+00:00\",\"breadcrumb\":{\"@id\":\"https:\/\/polskapodloga.pl\/katalog\/#breadcrumb\"},\"inLanguage\":\"en-GB\",\"potentialAction\":[{\"@type\":\"ReadAction\",\"target\":[\"https:\/\/polskapodloga.pl\/katalog\/\"]}]},{\"@type\":\"BreadcrumbList\",\"@id\":\"https:\/\/polskapodloga.pl\/katalog\/#breadcrumb\",\"itemListElement\":[{\"@type\":\"ListItem\",\"position\":1,\"name\":\"Strona g\u0142\u00f3wna\",\"item\":\"https:\/\/polskapodloga.pl\/\"},{\"@type\":\"ListItem\",\"position\":2,\"name\":\"Katalog\"}]},{\"@type\":\"WebSite\",\"@id\":\"https:\/\/polskapodloga.pl\/#website\",\"url\":\"https:\/\/polskapodloga.pl\/\",\"name\":\"polskapodloga.pl\",\"description\":\"Praca z drewnem to nasza pasja.\",\"publisher\":{\"@id\":\"https:\/\/polskapodloga.pl\/#organization\"},\"potentialAction\":[{\"@type\":\"SearchAction\",\"target\":{\"@type\":\"EntryPoint\",\"urlTemplate\":\"https:\/\/polskapodloga.pl\/?s={search_term_string}\"},\"query-input\":{\"@type\":\"PropertyValueSpecification\",\"valueRequired\":true,\"valueName\":\"search_term_string\"}}],\"inLanguage\":\"en-GB\"},{\"@type\":\"Organization\",\"@id\":\"https:\/\/polskapodloga.pl\/#organization\",\"name\":\"polskapodloga.pl\",\"url\":\"https:\/\/polskapodloga.pl\/\",\"logo\":{\"@type\":\"ImageObject\",\"inLanguage\":\"en-GB\",\"@id\":\"https:\/\/polskapodloga.pl\/#\/schema\/logo\/image\/\",\"url\":\"https:\/\/polskapodloga.pl\/wp-content\/uploads\/2022\/10\/cropped-polska_podloga_logo_500x500-_bez-tla-1.png\",\"contentUrl\":\"https:\/\/polskapodloga.pl\/wp-content\/uploads\/2022\/10\/cropped-polska_podloga_logo_500x500-_bez-tla-1.png\",\"width\":202,\"height\":202,\"caption\":\"polskapodloga.pl\"},\"image\":{\"@id\":\"https:\/\/polskapodloga.pl\/#\/schema\/logo\/image\/\"}}]}<\/script>\n<!-- \/ Yoast SEO plugin. -->","yoast_head_json":{"title":"Katalog - polskapodloga.pl","robots":{"index":"index","follow":"follow","max-snippet":"max-snippet:-1","max-image-preview":"max-image-preview:large","max-video-preview":"max-video-preview:-1"},"canonical":"https:\/\/polskapodloga.pl\/en\/katalog\/","og_locale":"en_GB","og_type":"article","og_title":"Katalog - polskapodloga.pl","og_description":"Katalog Nasze produkty wykonane s\u0105 z najlepszych gatunk\u00f3w drewna, dzi\u0119ki czemu s\u0105 nie tylko trwa\u0142e i odporne na uszkodzenia, ale r\u00f3wnie\u017c wyr\u00f3\u017cniaj\u0105 si\u0119 niepowtarzalnym charakterem i pi\u0119knem naturalnego materia\u0142u. W naszym katalogu znajdziesz bogaty wyb\u00f3r r\u00f3\u017cnych rodzaj\u00f3w drewna, kolor\u00f3w i wzor\u00f3w pod\u0142\u00f3g, kt\u00f3re s\u0105 idealne dla ka\u017cdego stylu wn\u0119trza &#8211; od tradycyjnego Zapraszamy do przegl\u0105dania [&hellip;]","og_url":"https:\/\/polskapodloga.pl\/en\/katalog\/","og_site_name":"polskapodloga.pl","article_modified_time":"2023-03-06T18:38:15+00:00","twitter_card":"summary_large_image","twitter_misc":{"Estimated reading time":"1 minute"},"schema":{"@context":"https:\/\/schema.org","@graph":[{"@type":"WebPage","@id":"https:\/\/polskapodloga.pl\/katalog\/","url":"https:\/\/polskapodloga.pl\/katalog\/","name":"Katalog - polskapodloga.pl","isPartOf":{"@id":"https:\/\/polskapodloga.pl\/#website"},"datePublished":"2023-03-06T18:01:59+00:00","dateModified":"2023-03-06T18:38:15+00:00","breadcrumb":{"@id":"https:\/\/polskapodloga.pl\/katalog\/#breadcrumb"},"inLanguage":"en-GB","potentialAction":[{"@type":"ReadAction","target":["https:\/\/polskapodloga.pl\/katalog\/"]}]},{"@type":"BreadcrumbList","@id":"https:\/\/polskapodloga.pl\/katalog\/#breadcrumb","itemListElement":[{"@type":"ListItem","position":1,"name":"Strona g\u0142\u00f3wna","item":"https:\/\/polskapodloga.pl\/"},{"@type":"ListItem","position":2,"name":"Katalog"}]},{"@type":"WebSite","@id":"https:\/\/polskapodloga.pl\/#website","url":"https:\/\/polskapodloga.pl\/","name":"polskapodloga.pl","description":"Praca z drewnem to nasza pasja.","publisher":{"@id":"https:\/\/polskapodloga.pl\/#organization"},"potentialAction":[{"@type":"SearchAction","target":{"@type":"EntryPoint","urlTemplate":"https:\/\/polskapodloga.pl\/?s={search_term_string}"},"query-input":{"@type":"PropertyValueSpecification","valueRequired":true,"valueName":"search_term_string"}}],"inLanguage":"en-GB"},{"@type":"Organization","@id":"https:\/\/polskapodloga.pl\/#organization","name":"polskapodloga.pl","url":"https:\/\/polskapodloga.pl\/","logo":{"@type":"ImageObject","inLanguage":"en-GB","@id":"https:\/\/polskapodloga.pl\/#\/schema\/logo\/image\/","url":"https:\/\/polskapodloga.pl\/wp-content\/uploads\/2022\/10\/cropped-polska_podloga_logo_500x500-_bez-tla-1.png","contentUrl":"https:\/\/polskapodloga.pl\/wp-content\/uploads\/2022\/10\/cropped-polska_podloga_logo_500x500-_bez-tla-1.png","width":202,"height":202,"caption":"polskapodloga.pl"},"image":{"@id":"https:\/\/polskapodloga.pl\/#\/schema\/logo\/image\/"}}]}},"_links":{"self":[{"href":"https:\/\/polskapodloga.pl\/en\/wp-json\/wp\/v2\/pages\/1362","targetHints":{"allow":["GET"]}}],"collection":[{"href":"https:\/\/polskapodloga.pl\/en\/wp-json\/wp\/v2\/pages"}],"about":[{"href":"https:\/\/polskapodloga.pl\/en\/wp-json\/wp\/v2\/types\/page"}],"author":[{"embeddable":true,"href":"https:\/\/polskapodloga.pl\/en\/wp-json\/wp\/v2\/users\/1"}],"replies":[{"embeddable":true,"href":"https:\/\/polskapodloga.pl\/en\/wp-json\/wp\/v2\/comments?post=1362"}],"version-history":[{"count":10,"href":"https:\/\/polskapodloga.pl\/en\/wp-json\/wp\/v2\/pages\/1362\/revisions"}],"predecessor-version":[{"id":1396,"href":"https:\/\/polskapodloga.pl\/en\/wp-json\/wp\/v2\/pages\/1362\/revisions\/1396"}],"wp:attachment":[{"href":"https:\/\/polskapodloga.pl\/en\/wp-json\/wp\/v2\/media?parent=1362"}],"curies":[{"name":"wp","href":"https:\/\/api.w.org\/{rel}","templated":true}]}}